{"id":1007,"date":"2024-06-27T06:23:44","date_gmt":"2024-06-27T06:23:44","guid":{"rendered":"https:\/\/css-drc.com\/exploitation-miniere\/"},"modified":"2024-07-01T21:28:02","modified_gmt":"2024-07-01T21:28:02","slug":"exploitation-miniere","status":"publish","type":"page","link":"https:\/\/css-drc.com\/fr\/exploitation-miniere\/","title":{"rendered":"Exploitation mini\u00e8re"},"content":{"rendered":"\t\t<div data-elementor-type=\"wp-page\" data-elementor-id=\"1007\" class=\"elementor elementor-1007 elementor-659\" data-elementor-post-type=\"page\">\n\t\t\t\t\t\t<section class=\"elementor-section elementor-top-section elementor-element elementor-element-7600b036 elementor-section-boxed elementor-section-height-default elementor-section-height-default\" data-id=\"7600b036\" data-element_type=\"section\" data-settings=\"{&quot;background_background&quot;:&quot;video&quot;,&quot;background_video_link&quot;:&quot;https:\\\/\\\/css-drc.com\\\/wp-content\\\/uploads\\\/2024\\\/06\\\/css5.mp4&quot;,&quot;background_play_on_mobile&quot;:&quot;yes&quot;}\">\n\t\t\t\t\t\t\t\t<div class=\"elementor-background-video-container\" aria-hidden=\"true\">\n\t\t\t\t\t\t\t\t\t\t\t\t\t<video class=\"elementor-background-video-hosted\" autoplay muted playsinline loop><\/video>\n\t\t\t\t\t\t\t\t\t\t\t<\/div>\n\t\t\t\t\t\t\t\t\t<div class=\"elementor-background-overlay\"><\/div>\n\t\t\t\t\t\t\t<div class=\"elementor-container elementor-column-gap-default\">\n\t\t\t\t\t<div class=\"elementor-column elementor-col-100 elementor-top-column elementor-element elementor-element-a137e94\" data-id=\"a137e94\" data-element_type=\"column\">\n\t\t\t<div class=\"elementor-widget-wrap elementor-element-populated\">\n\t\t\t\t\t\t<div class=\"elementor-element elementor-element-64d56c7d elementor-icon-list--layout-inline elementor-align-center elementor-list-item-link-full_width elementor-widget elementor-widget-icon-list\" data-id=\"64d56c7d\" data-element_type=\"widget\" data-widget_type=\"icon-list.default\">\n\t\t\t\t<div class=\"elementor-widget-container\">\n\t\t\t\t\t\t\t<ul class=\"elementor-icon-list-items elementor-inline-items\">\n\t\t\t\t\t\t\t<li class=\"elementor-icon-list-item elementor-inline-item\">\n\t\t\t\t\t\t\t\t\t\t\t<span class=\"elementor-icon-list-icon\">\n\t\t\t\t\t\t\t<svg aria-hidden=\"true\" class=\"e-font-icon-svg e-fas-square-full\" viewBox=\"0 0 512 512\" xmlns=\"http:\/\/www.w3.org\/2000\/svg\"><path d=\"M512 512H0V0h512v512z\"><\/path><\/svg>\t\t\t\t\t\t<\/span>\n\t\t\t\t\t\t\t\t\t\t<span class=\"elementor-icon-list-text\">Industrie<\/span>\n\t\t\t\t\t\t\t\t\t<\/li>\n\t\t\t\t\t\t<\/ul>\n\t\t\t\t\t\t<\/div>\n\t\t\t\t<\/div>\n\t\t\t\t<div class=\"elementor-element elementor-element-29a004f5 elementor-widget elementor-widget-heading\" data-id=\"29a004f5\" data-element_type=\"widget\" data-widget_type=\"heading.default\">\n\t\t\t\t<div class=\"elementor-widget-container\">\n\t\t\t\t\t<h1 class=\"elementor-heading-title elementor-size-default\">Exploitation mini\u00e8re<\/h1>\t\t\t\t<\/div>\n\t\t\t\t<\/div>\n\t\t\t\t<div class=\"elementor-element elementor-element-48c12d10 elementor-hidden-desktop elementor-hidden-tablet elementor-hidden-mobile elementor-widget elementor-widget-heading\" data-id=\"48c12d10\" data-element_type=\"widget\" data-widget_type=\"heading.default\">\n\t\t\t\t<div class=\"elementor-widget-container\">\n\t\t\t\t\t<div class=\"elementor-heading-title elementor-size-default\">Etiam porta sem malesuada magna mollis euismod. Donec sed odio dui. Donec ullamcorper nulla non metus auctor fringilla.<\/div>\t\t\t\t<\/div>\n\t\t\t\t<\/div>\n\t\t\t\t\t<\/div>\n\t\t<\/div>\n\t\t\t\t\t<\/div>\n\t\t<\/section>\n\t\t\t\t<section class=\"elementor-section elementor-top-section elementor-element elementor-element-627370c0 elementor-section-boxed elementor-section-height-default elementor-section-height-default\" data-id=\"627370c0\" data-element_type=\"section\">\n\t\t\t\t\t\t<div class=\"elementor-container elementor-column-gap-no\">\n\t\t\t\t\t<div class=\"elementor-column elementor-col-100 elementor-top-column elementor-element elementor-element-2f3a23d8\" data-id=\"2f3a23d8\" data-element_type=\"column\">\n\t\t\t<div class=\"elementor-widget-wrap elementor-element-populated\">\n\t\t\t\t\t\t<div class=\"elementor-element elementor-element-3e7837f9 elementor-widget elementor-widget-text-editor\" data-id=\"3e7837f9\" data-element_type=\"widget\" data-widget_type=\"text-editor.default\">\n\t\t\t\t<div class=\"elementor-widget-container\">\n\t\t\t\t\t\t\t\t\t<p>Gr\u00e2ce \u00e0 sa connaissance approfondie des produits et \u00e0 son expertise en mati\u00e8re d&rsquo;achat sur les sites miniers, Congo Supply &amp; Services (CSS) est la premi\u00e8re soci\u00e9t\u00e9 d&rsquo;approvisionnement mondial. Notre pr\u00e9sence internationale garantit que les exploitations mini\u00e8res b\u00e9n\u00e9ficient des meilleures offres possibles. Nous collaborons \u00e9troitement avec nos clients pour mettre en \u0153uvre des politiques de gestion et d&rsquo;administration plus efficaces, qui sont des \u00e9l\u00e9ments cl\u00e9s des solutions globales de cha\u00eene d&rsquo;approvisionnement que nous proposons.<\/p>\n<p>Le CSS s&rsquo;efforce d&rsquo;adopter les technologies, les produits et les services les plus r\u00e9cents afin de les rendre plus accessibles \u00e0 ses clients. Notre objectif est de proposer des alternatives de pointe aux sources d&rsquo;approvisionnement traditionnelles, en veillant \u00e0 ce que nos clients b\u00e9n\u00e9ficient de solutions d&rsquo;approvisionnement innovantes et efficaces.<\/p>\n\t\t\t\t\t\t\t\t<\/div>\n\t\t\t\t<\/div>\n\t\t\t\t\t<\/div>\n\t\t<\/div>\n\t\t\t\t\t<\/div>\n\t\t<\/section>\n\t\t\t\t<section class=\"elementor-section elementor-top-section elementor-element elementor-element-241fcfe2 elementor-section-full_width elementor-section-height-default elementor-section-height-default\" data-id=\"241fcfe2\" data-element_type=\"section\">\n\t\t\t\t\t\t<div class=\"elementor-container elementor-column-gap-no\">\n\t\t\t\t\t<div class=\"elementor-column elementor-col-100 elementor-top-column elementor-element elementor-element-53def7d4\" data-id=\"53def7d4\" data-element_type=\"column\">\n\t\t\t<div class=\"elementor-widget-wrap elementor-element-populated\">\n\t\t\t\t\t\t<div class=\"elementor-element elementor-element-7c06ca7 elementor-widget elementor-widget-template\" data-id=\"7c06ca7\" data-element_type=\"widget\" data-widget_type=\"template.default\">\n\t\t\t\t<div class=\"elementor-widget-container\">\n\t\t\t\t\t\t\t<div class=\"elementor-template\">\n\t\t\t\t\t<div data-elementor-type=\"section\" data-elementor-id=\"1016\" class=\"elementor elementor-1016 elementor-11\" data-elementor-post-type=\"elementor_library\">\n\t\t\t\t\t<section class=\"elementor-section elementor-top-section elementor-element elementor-element-1eafc98b elementor-section-boxed elementor-section-height-default elementor-section-height-default\" data-id=\"1eafc98b\" data-element_type=\"section\" data-settings=\"{&quot;background_background&quot;:&quot;classic&quot;}\">\n\t\t\t\t\t\t\t<div class=\"elementor-background-overlay\"><\/div>\n\t\t\t\t\t\t\t<div class=\"elementor-container elementor-column-gap-default\">\n\t\t\t\t\t<div class=\"elementor-column elementor-col-50 elementor-top-column elementor-element elementor-element-6be17ec0\" data-id=\"6be17ec0\" data-element_type=\"column\">\n\t\t\t<div class=\"elementor-widget-wrap elementor-element-populated\">\n\t\t\t\t\t\t<div class=\"elementor-element elementor-element-719a0bc4 elementor-widget elementor-widget-heading\" data-id=\"719a0bc4\" data-element_type=\"widget\" data-widget_type=\"heading.default\">\n\t\t\t\t<div class=\"elementor-widget-container\">\n\t\t\t\t\t<h2 class=\"elementor-heading-title elementor-size-default\">Laissez-nous vous aider \u00e0 am\u00e9liorer vos op\u00e9rations commerciales gr\u00e2ce \u00e0 notre expertise<\/h2>\t\t\t\t<\/div>\n\t\t\t\t<\/div>\n\t\t\t\t\t<\/div>\n\t\t<\/div>\n\t\t\t\t<div class=\"elementor-column elementor-col-50 elementor-top-column elementor-element elementor-element-7757af83 animated-slow elementor-invisible\" data-id=\"7757af83\" data-element_type=\"column\" data-settings=\"{&quot;background_background&quot;:&quot;classic&quot;,&quot;animation&quot;:&quot;fadeInRight&quot;}\">\n\t\t\t<div class=\"elementor-widget-wrap elementor-element-populated\">\n\t\t\t\t\t\t<div class=\"elementor-element elementor-element-1b68d559 elementor-widget elementor-widget-heading\" data-id=\"1b68d559\" data-element_type=\"widget\" data-widget_type=\"heading.default\">\n\t\t\t\t<div class=\"elementor-widget-container\">\n\t\t\t\t\t<h2 class=\"elementor-heading-title elementor-size-default\">Demandez nos services<\/h2>\t\t\t\t<\/div>\n\t\t\t\t<\/div>\n\t\t\t\t<div class=\"elementor-element elementor-element-bce6f93 elementor-widget-divider--view-line_icon elementor-view-default elementor-widget-divider--element-align-center elementor-widget elementor-widget-divider\" data-id=\"bce6f93\" data-element_type=\"widget\" data-widget_type=\"divider.default\">\n\t\t\t\t<div class=\"elementor-widget-container\">\n\t\t\t\t\t\t\t<div class=\"elementor-divider\">\n\t\t\t<span class=\"elementor-divider-separator\">\n\t\t\t\t\t\t\t<div class=\"elementor-icon elementor-divider__element\">\n\t\t\t\t\t<svg xmlns=\"http:\/\/www.w3.org\/2000\/svg\" id=\"Layer_1\" data-name=\"Layer 1\" viewBox=\"0 0 437.26 439.4\"><defs><style>      .cls-1 {        fill: #fbae40;      }      .cls-1, .cls-2, .cls-3 {        stroke-width: 0px;      }      .cls-2 {        fill: #fff;      }      .cls-3 {        fill: #fbae3f;      }    <\/style><\/defs><path class=\"cls-2\" d=\"m231.23,238.38c-8.81-6.85-13.41-6.92-22.52-1.21-8.02,5.02-16.25,9.7-24.48,14.37-7.73,4.38-15.66,8.42-23.36,12.85-11.15,6.4-22.15,13.09-33.28,19.54-10.03,5.81-20.19,11.41-30.22,17.22-10.99,6.38-21.88,12.94-32.87,19.33-8.69,5.05-17.51,9.87-26.13,15.03-.94.56-1.72,3.17-1.22,4.1,7.17,13.41,17.05,24.75,28.01,35.12,13.58,12.84,28.87,23.46,44.35,33.88,9.43,6.34,18.96,8.21,29.09,2.74,11.61-6.27,23.04-12.88,34.37-19.65,10.46-6.25,20.6-13.01,31.01-19.33,10.66-6.48,21.29-13.06,32.28-18.94,15.92-8.52,32.07-16.61,48.3-24.52,4.12-2.01,9.08-2.68,13.37,0,10.31,6.45,20.45,13.17,30.7,19.73,2.34,1.5,2.37,2.63.33,4.64-11.49,11.33-25.54,18.55-40.21,24.44-10.35,4.15-21.14,7.36-31.93,10.26-8.04,2.16-16.34,3.69-24.63,4.48-9.26.88-18.13,2.04-26.39,6.98-13.15,7.87-26.68,15.11-39.98,22.74-2.79,1.6-5.29,3.71-8.86,6.26,6.92,2.17,12.85,3.78,18.6,5.88,10.47,3.82,21.35,4.77,32.34,5.03,16.23.38,32.17-1.16,48.14-4.66,15.38-3.37,30.44-7.5,44.7-13.97,13.93-6.32,27.69-13.22,40.83-21.03,9.17-5.45,17.49-12.47,25.59-19.5,7.23-6.27,14.01-13.17,20.26-20.42,4.93-5.71,8.88-12.3,12.92-18.71.63-1-.01-3.85-1.01-4.64-3.83-3.02-7.91-5.77-12.14-8.2-13.4-7.72-26.97-15.14-40.36-22.88-14.37-8.3-28.61-16.82-42.9-25.26-8.88-5.25-17.32-7.48-27.28-1.18-17.86,11.29-36.33,21.63-54.68,32.13-13.82,7.91-27.91,15.37-41.79,23.19-17.96,10.11-35.84,20.39-54.43,30.98-5.49-4.25-11.14-8.61-16.78-13-1.88-1.47-2.18-3.04,0-4.5,3.31-2.24,6.55-4.61,10-6.61,18.95-10.96,37.93-21.9,56.97-32.71,15.92-9.04,31.98-17.82,47.89-26.88,11.58-6.6,23.01-13.44,34.47-20.26,1.68-1,3.1-2.46,5.22-4.18-11.18-6.43-21.48-12.35-32.29-18.66\"><\/path><path class=\"cls-2\" d=\"m230.69,112.36c-.05,12.01.07,24.02-.25,36.02-.11,4.11.96,5.36,5.21,5.36,46.15.03,92.31.28,138.47.47,1.01,0,2.17-.3,3.01.08,1.48.67,3.58,1.49,4.01,2.73,2.87,8.24,5.74,16.52,7.9,24.96,4.3,16.83,4.48,34.04,3.43,51.25-.36,5.99-1.67,11.91-2.63,18.51-3.03-1.79-5.55-3.33-8.12-4.79-13.67-7.75-27.37-15.45-41.04-23.22-16.44-9.35-32.91-18.65-49.25-28.17-6.61-3.85-13.98-6.88-17.27-14.87-.57-1.39-3.45-2.51-5.3-2.57-9.69-.29-19.39-.2-29.08-.24l-9.36-.04c-.05,11.03-.16,21.42-.03,31.81.01,1.07,1.24,2.5,2.28,3.12,7.39,4.4,14.92,8.55,22.32,12.93,13.42,7.93,26.73,16.05,40.18,23.93,13.5,7.9,27.15,15.54,40.66,23.41,12.83,7.48,25.54,15.15,38.35,22.66,11.01,6.44,22.14,12.68,33.13,19.17,6.39,3.78,6.8,4.16,10.25-2.16,3.95-7.23,7.66-14.73,10.26-22.52,3.08-9.25,5.93-18.81,6.97-28.44,1.67-15.48,2.21-31.12,2.44-46.7.32-22.5-3.58-44.53-9.77-66.07-3.65-12.7-9.08-24.75-16.32-35.96-1.87-2.89-3.62-3.85-6.83-3.86-40.95-.09-81.89-.28-122.84-.45-1.68,0-3.36-.01-5.16-.02.07-17.89.14-35.16.22-52.96,4.55,1.18,8.88,1.81,12.82,3.42,7.41,3.02,15.02,5.8,20.76,11.9,6.83,7.27,15.29,11.91,25.21,12.67,13.68,1.05,27.42,1.41,41.14,1.8,4.65.13,9.32-.55,14.25-.88C367.27,38.37,279.35-.4,231.14.55c-.15,36.97-.3,73.96-.46,111.81\"><\/path><path class=\"cls-2\" d=\"m208.43,81.01c.35-25.16.59-50.33,1.15-75.49.09-4.27-1.38-5.91-5.33-5.45-12.45,1.43-25.12,1.94-37.25,4.76-11.34,2.64-22.44,7.06-33.03,12.02-11.86,5.55-23.58,11.77-34.34,19.19-12.21,8.42-23.64,18.09-34.71,28-7.21,6.45-13.61,13.96-19.59,21.6-9.27,11.84-17.48,24.46-23.49,38.32-4.11,9.48-8.53,18.94-11.38,28.83-3.32,11.57-5.21,23.57-7.49,35.42-6.23,32.38-2.09,64.1,7.18,95.25,3.37,11.35,8.58,22.15,13.04,33.41,2.5-1.06,5.08-1.93,7.45-3.2,8.32-4.43,16.61-8.95,24.84-13.54,12.34-6.88,24.69-13.77,36.94-20.82,13.76-7.91,27.41-16.02,41.13-24.01,8.43-4.91,16.88-9.8,25.38-14.59,14.35-8.09,28.65-16.29,43.19-24.05,4.72-2.52,6.77-5.26,6.63-10.89-.39-15.76,0-31.53.08-47.3,0-1.56.01-3.11.02-4.68-1.01-.24-1.55-.48-2.1-.49-13.3-.2-26.61-.35-39.91-.6-2.81-.05-2.82,1.65-2.87,3.69-.23,8.52-.64,17.04-.76,25.57-.04,2.7-1.1,4.13-3.4,5.37-8.05,4.37-16.01,8.92-23.97,13.46-12.44,7.1-24.87,14.23-37.28,21.4-9.42,5.44-18.76,11.01-28.2,16.41-7.01,4.01-14.14,7.83-21.68,11.99-.43-3.85-.58-7.32-1.24-10.68-3.26-16.61-1.59-33.2,1.18-49.55,1.85-10.96,5.75-21.6,8.93-32.33,4.06-13.7,10.8-26.18,18.69-37.97,9.09-13.59,20.61-25.11,33.07-35.58,12.34-10.38,25.75-19.27,40.76-25.4,4.11-1.68,8.6-2.4,14.03-3.86-.08,18.39-.14,35.52-.22,52.77,15.09.06,29.32.12,44.45.18.04-8.97.07-17.63.11-27.16Z\"><\/path><path class=\"cls-1\" d=\"m231.48,238.57c10.56,6.12,20.85,12.04,32.03,18.47-2.12,1.72-3.53,3.18-5.22,4.18-11.45,6.82-22.89,13.66-34.47,20.26-15.9,9.06-31.97,17.84-47.89,26.88-19.04,10.82-38.01,21.75-56.97,32.71-3.45,2-6.68,4.38-10,6.61-2.18,1.47-1.89,3.03,0,4.5,5.63,4.39,11.29,8.75,16.78,13,18.6-10.6,36.47-20.87,54.43-30.98,13.88-7.82,27.96-15.27,41.79-23.19,18.35-10.5,36.82-20.84,54.68-32.13,9.96-6.3,18.39-4.07,27.28,1.18,14.29,8.44,28.53,16.96,42.9,25.26,13.39,7.73,26.96,15.16,40.36,22.88,4.23,2.43,8.31,5.19,12.14,8.2,1,.79,1.64,3.64,1.01,4.64-4.04,6.41-8,13-12.92,18.71-6.25,7.25-13.03,14.15-20.26,20.42-8.09,7.02-16.42,14.05-25.59,19.5-13.14,7.81-26.9,14.71-40.83,21.03-14.25,6.47-29.32,10.6-44.7,13.97-15.96,3.5-31.91,5.04-48.14,4.66-10.99-.26-21.87-1.21-32.34-5.03-5.75-2.1-11.69-3.71-18.6-5.88,3.57-2.55,6.07-4.66,8.86-6.26,13.3-7.63,26.83-14.86,39.98-22.74,8.25-4.94,17.12-6.1,26.39-6.98,8.28-.79,16.59-2.33,24.63-4.48,10.79-2.89,21.58-6.1,31.93-10.26,14.67-5.89,28.72-13.11,40.21-24.44,2.04-2.01,2.01-3.15-.33-4.64-10.25-6.56-20.39-13.28-30.7-19.73-4.29-2.68-9.25-2.01-13.37,0-16.23,7.91-32.38,16-48.3,24.52-10.99,5.88-21.62,12.46-32.28,18.94-10.41,6.32-20.56,13.08-31.01,19.33-11.33,6.77-22.76,13.38-34.37,19.65-10.12,5.47-19.66,3.6-29.09-2.74-15.48-10.42-30.78-21.04-44.35-33.88-10.96-10.37-20.84-21.71-28.01-35.12-.5-.93.28-3.54,1.22-4.1,8.62-5.16,17.44-9.98,26.13-15.03,10.99-6.39,21.87-12.95,32.87-19.33,10.03-5.81,20.19-11.41,30.22-17.22,11.13-6.45,22.13-13.13,33.28-19.54,7.71-4.43,15.63-8.46,23.36-12.85,8.23-4.67,16.47-9.35,24.48-14.37,9.11-5.71,13.71-5.64,22.77,1.4Z\"><\/path><path class=\"cls-3\" d=\"m230.69,111.93c.15-37.42.3-74.41.45-111.38,48.21-.95,136.12,37.82,159.57,84.1-4.93.33-9.6,1.01-14.25.88-13.72-.39-27.46-.75-41.14-1.8-9.92-.76-18.38-5.4-25.21-12.67-5.74-6.1-13.35-8.88-20.76-11.9-3.93-1.6-8.27-2.24-12.82-3.42-.07,17.81-.14,35.08-.22,52.96,1.8,0,3.48.01,5.16.02,40.95.17,81.89.36,122.84.45,3.2,0,4.96.97,6.83,3.86,7.25,11.21,12.67,23.26,16.32,35.96,6.19,21.54,10.09,43.58,9.77,66.07-.22,15.58-.77,31.22-2.44,46.7-1.04,9.63-3.88,19.19-6.97,28.44-2.6,7.79-6.31,15.29-10.26,22.52-3.45,6.32-3.86,5.94-10.25,2.16-10.98-6.49-22.12-12.72-33.13-19.17-12.81-7.5-25.53-15.18-38.35-22.66-13.51-7.87-27.17-15.51-40.66-23.41-13.45-7.88-26.76-16-40.18-23.93-7.4-4.38-14.93-8.54-22.32-12.93-1.04-.62-2.27-2.05-2.28-3.12-.13-10.39-.02-20.78.03-31.81l9.36.04c9.69.04,19.39-.06,29.08.24,1.85.06,4.73,1.18,5.3,2.57,3.29,7.99,10.66,11.02,17.27,14.87,16.34,9.52,32.81,18.82,49.25,28.17,13.66,7.77,27.36,15.47,41.04,23.22,2.57,1.46,5.09,3.01,8.12,4.79.97-6.6,2.27-12.53,2.63-18.51,1.05-17.21.86-34.42-3.43-51.25-2.16-8.45-5.03-16.72-7.9-24.96-.43-1.25-2.53-2.06-4.01-2.73-.84-.38-1.99-.08-3.01-.08-46.16-.19-92.31-.44-138.47-.47-4.25,0-5.32-1.25-5.21-5.36.32-12,.2-24.01.25-36.46Z\"><\/path><path class=\"cls-1\" d=\"m208.43,81.45c-.04,9.09-.07,17.75-.11,26.73-15.13-.06-29.36-.12-44.45-.18.07-17.25.14-34.38.22-52.77-5.42,1.46-9.92,2.18-14.03,3.86-15.01,6.13-28.42,15.02-40.76,25.4-12.45,10.47-23.97,21.99-33.07,35.58-7.89,11.79-14.63,24.27-18.69,37.97-3.18,10.73-7.07,21.36-8.93,32.33-2.76,16.35-4.43,32.94-1.18,49.55.66,3.36.8,6.83,1.24,10.68,7.55-4.17,14.67-7.98,21.68-11.99,9.44-5.4,18.78-10.97,28.2-16.41,12.41-7.16,24.84-14.3,37.28-21.4,7.96-4.54,15.92-9.09,23.97-13.46,2.3-1.25,3.36-2.67,3.4-5.37.12-8.52.54-17.04.76-25.57.05-2.04.06-3.74,2.87-3.69,13.3.24,26.6.39,39.91.6.55,0,1.09.25,2.1.49,0,1.57-.01,3.13-.02,4.68-.08,15.77-.47,31.54-.08,47.3.14,5.64-1.91,8.37-6.63,10.89-14.54,7.75-28.84,15.95-43.19,24.05-8.5,4.79-16.95,9.68-25.38,14.59-13.72,7.99-27.37,16.09-41.13,24.01-12.25,7.05-24.6,13.93-36.94,20.82-8.24,4.59-16.52,9.1-24.84,13.54-2.37,1.27-4.95,2.14-7.45,3.2-4.46-11.27-9.67-22.07-13.04-33.41C.88,252.31-3.26,220.59,2.97,188.2c2.28-11.86,4.17-23.86,7.49-35.42,2.84-9.89,7.27-19.35,11.38-28.83,6.01-13.86,14.22-26.48,23.49-38.32,5.98-7.64,12.38-15.15,19.59-21.6,11.07-9.91,22.51-19.58,34.71-28,10.76-7.42,22.48-13.64,34.34-19.19,10.59-4.96,21.69-9.38,33.03-12.02,12.13-2.82,24.81-3.33,37.25-4.76,3.95-.45,5.42,1.18,5.33,5.45-.55,25.16-.8,50.32-1.15,75.92Z\"><\/path><\/svg><\/div>\n\t\t\t\t\t\t<\/span>\n\t\t<\/div>\n\t\t\t\t\t\t<\/div>\n\t\t\t\t<\/div>\n\t\t\t\t<div class=\"elementor-element elementor-element-2bc2a36d elementor-button-align-stretch elementor-widget elementor-widget-form\" data-id=\"2bc2a36d\" data-element_type=\"widget\" data-settings=\"{&quot;step_next_label&quot;:&quot;Suivant&quot;,&quot;step_previous_label&quot;:&quot;Pr\\u00e9c\\u00e9dent&quot;,&quot;button_width&quot;:&quot;100&quot;,&quot;step_type&quot;:&quot;number_text&quot;,&quot;step_icon_shape&quot;:&quot;circle&quot;}\" data-widget_type=\"form.default\">\n\t\t\t\t<div class=\"elementor-widget-container\">\n\t\t\t\t\t\t\t<form class=\"elementor-form\" method=\"post\" name=\"Formulaire de r\u00e9servation\" aria-label=\"Formulaire de r\u00e9servation\">\n\t\t\t<input type=\"hidden\" name=\"post_id\" value=\"1016\"\/>\n\t\t\t<input type=\"hidden\" name=\"form_id\" value=\"2bc2a36d\"\/>\n\t\t\t<input type=\"hidden\" name=\"referer_title\" value=\"\" \/>\n\n\t\t\t\n\t\t\t<div class=\"elementor-form-fields-wrapper elementor-labels-\">\n\t\t\t\t\t\t\t\t<div class=\"elementor-field-type-text elementor-field-group elementor-column elementor-field-group-name elementor-col-100 elementor-field-required\">\n\t\t\t\t\t\t\t\t\t\t\t\t<label for=\"form-field-name\" class=\"elementor-field-label elementor-screen-only\">\n\t\t\t\t\t\t\t\tVotre nom\t\t\t\t\t\t\t<\/label>\n\t\t\t\t\t\t\t\t\t\t\t\t\t\t<input size=\"1\" type=\"text\" name=\"form_fields[name]\" id=\"form-field-name\" class=\"elementor-field elementor-size-sm  elementor-field-textual\" placeholder=\"Votre nom\" required=\"required\">\n\t\t\t\t\t\t\t\t\t\t\t<\/div>\n\t\t\t\t\t\t\t\t<div class=\"elementor-field-type-email elementor-field-group elementor-column elementor-field-group-email elementor-col-50 elementor-field-required\">\n\t\t\t\t\t\t\t\t\t\t\t\t<label for=\"form-field-email\" class=\"elementor-field-label elementor-screen-only\">\n\t\t\t\t\t\t\t\tAdresse \u00e9lectronique\t\t\t\t\t\t\t<\/label>\n\t\t\t\t\t\t\t\t\t\t\t\t\t\t<input size=\"1\" type=\"email\" name=\"form_fields[email]\" id=\"form-field-email\" class=\"elementor-field elementor-size-sm  elementor-field-textual\" placeholder=\"Adresse \u00e9lectronique\" required=\"required\">\n\t\t\t\t\t\t\t\t\t\t\t<\/div>\n\t\t\t\t\t\t\t\t<div class=\"elementor-field-type-tel elementor-field-group elementor-column elementor-field-group-field_0cc5028 elementor-col-50 elementor-field-required\">\n\t\t\t\t\t\t\t\t\t\t\t\t<label for=\"form-field-field_0cc5028\" class=\"elementor-field-label elementor-screen-only\">\n\t\t\t\t\t\t\t\tNum\u00e9ro de t\u00e9l\u00e9phone\t\t\t\t\t\t\t<\/label>\n\t\t\t\t\t\t\t\t<input size=\"1\" type=\"tel\" name=\"form_fields[field_0cc5028]\" id=\"form-field-field_0cc5028\" class=\"elementor-field elementor-size-sm  elementor-field-textual\" placeholder=\"Num\u00e9ro de t\u00e9l\u00e9phone\" required=\"required\" pattern=\"[0-9()#&amp;+*-=.]+\" title=\"Only numbers and phone characters (#, -, *, etc) are accepted.\">\n\n\t\t\t\t\t\t<\/div>\n\t\t\t\t\t\t\t\t<div class=\"elementor-field-type-text elementor-field-group elementor-column elementor-field-group-field_f5c1238 elementor-col-100 elementor-field-required\">\n\t\t\t\t\t\t\t\t\t\t\t\t<label for=\"form-field-field_f5c1238\" class=\"elementor-field-label elementor-screen-only\">\n\t\t\t\t\t\t\t\tVotre adresse\t\t\t\t\t\t\t<\/label>\n\t\t\t\t\t\t\t\t\t\t\t\t\t\t<input size=\"1\" type=\"text\" name=\"form_fields[field_f5c1238]\" id=\"form-field-field_f5c1238\" class=\"elementor-field elementor-size-sm  elementor-field-textual\" placeholder=\"Votre adresse\" required=\"required\">\n\t\t\t\t\t\t\t\t\t\t\t<\/div>\n\t\t\t\t\t\t\t\t<div class=\"elementor-field-type-text elementor-field-group elementor-column elementor-field-group-field_58e4770 elementor-col-100 elementor-field-required\">\n\t\t\t\t\t\t\t\t\t\t\t\t<label for=\"form-field-field_58e4770\" class=\"elementor-field-label elementor-screen-only\">\n\t\t\t\t\t\t\t\tServices\t\t\t\t\t\t\t<\/label>\n\t\t\t\t\t\t\t\t\t\t\t\t\t\t<input size=\"1\" type=\"text\" name=\"form_fields[field_58e4770]\" id=\"form-field-field_58e4770\" class=\"elementor-field elementor-size-sm  elementor-field-textual\" placeholder=\"Services\" required=\"required\">\n\t\t\t\t\t\t\t\t\t\t\t<\/div>\n\t\t\t\t\t\t\t\t<div class=\"elementor-field-type-date elementor-field-group elementor-column elementor-field-group-field_3cc89e0 elementor-col-50 elementor-field-required\">\n\t\t\t\t\t\t\t\t\t\t\t\t<label for=\"form-field-field_3cc89e0\" class=\"elementor-field-label elementor-screen-only\">\n\t\t\t\t\t\t\t\tDate de la visite\t\t\t\t\t\t\t<\/label>\n\t\t\t\t\t\t\n\t\t<input type=\"date\" name=\"form_fields[field_3cc89e0]\" id=\"form-field-field_3cc89e0\" class=\"elementor-field elementor-size-sm  elementor-field-textual elementor-date-field\" placeholder=\"Date de la visite\" required=\"required\" pattern=\"[0-9]{4}-[0-9]{2}-[0-9]{2}\">\n\t\t\t\t\t\t<\/div>\n\t\t\t\t\t\t\t\t<div class=\"elementor-field-type-time elementor-field-group elementor-column elementor-field-group-field_f5c1e72 elementor-col-50 elementor-field-required\">\n\t\t\t\t\t\t\t\t\t\t\t\t<label for=\"form-field-field_f5c1e72\" class=\"elementor-field-label elementor-screen-only\">\n\t\t\t\t\t\t\t\tHeure de la visite\t\t\t\t\t\t\t<\/label>\n\t\t\t\t\t\t\t\t<input type=\"time\" name=\"form_fields[field_f5c1e72]\" id=\"form-field-field_f5c1e72\" class=\"elementor-field elementor-size-sm  elementor-field-textual elementor-time-field\" placeholder=\"Heure de la visite\" required=\"required\">\n\t\t\t\t\t\t<\/div>\n\t\t\t\t\t\t\t\t<div class=\"elementor-field-type-text\">\n\t\t\t\t\t<input size=\"1\" type=\"text\" name=\"form_fields[field_e9319fe]\" id=\"form-field-field_e9319fe\" class=\"elementor-field elementor-size-sm \" style=\"display:none !important;\">\t\t\t\t<\/div>\n\t\t\t\t\t\t\t\t<div class=\"elementor-field-type-text\">\n\t\t\t\t\t<input size=\"1\" type=\"text\" name=\"form_fields[field_82f8998]\" id=\"form-field-field_82f8998\" class=\"elementor-field elementor-size-sm \" style=\"display:none !important;\">\t\t\t\t<\/div>\n\t\t\t\t\t\t\t\t<div class=\"elementor-field-type-text\">\n\t\t\t\t\t<input size=\"1\" type=\"text\" name=\"form_fields[field_aea2a31]\" id=\"form-field-field_aea2a31\" class=\"elementor-field elementor-size-sm \" style=\"display:none !important;\">\t\t\t\t<\/div>\n\t\t\t\t\t\t\t\t<div class=\"elementor-field-group elementor-column elementor-field-type-submit elementor-col-100 e-form__buttons\">\n\t\t\t\t\t<button class=\"elementor-button elementor-size-md\" type=\"submit\">\n\t\t\t\t\t\t<span class=\"elementor-button-content-wrapper\">\n\t\t\t\t\t\t\t\t\t\t\t\t\t\t\t\t\t\t\t\t\t\t<span class=\"elementor-button-text\">Planifiez votre r\u00e9servation<\/span>\n\t\t\t\t\t\t\t\t\t\t\t\t\t<\/span>\n\t\t\t\t\t<\/button>\n\t\t\t\t<\/div>\n\t\t\t<\/div>\n\t\t<\/form>\n\t\t\t\t\t\t<\/div>\n\t\t\t\t<\/div>\n\t\t\t\t\t<\/div>\n\t\t<\/div>\n\t\t\t\t\t<\/div>\n\t\t<\/section>\n\t\t\t\t<\/div>\n\t\t\t\t<\/div>\n\t\t\t\t\t\t<\/div>\n\t\t\t\t<\/div>\n\t\t\t\t\t<\/div>\n\t\t<\/div>\n\t\t\t\t\t<\/div>\n\t\t<\/section>\n\t\t\t\t<\/div>\n\t\t","protected":false},"excerpt":{"rendered":"<p>Industrie Etiam porta sem malesuada magna mollis euismod. Donec sed odio dui. Donec ullamcorper nulla non metus auctor fringilla. Gr\u00e2ce \u00e0 sa connaissance approfondie des produits et \u00e0 son expertise en mati\u00e8re d&rsquo;achat sur les sites miniers, Congo Supply &amp; Services (CSS) est la premi\u00e8re soci\u00e9t\u00e9 d&rsquo;approvisionnement mondial. Notre pr\u00e9sence internationale garantit que les exploitations [&hellip;]<\/p>\n","protected":false},"author":1,"featured_media":0,"parent":0,"menu_order":0,"comment_status":"closed","ping_status":"closed","template":"elementor_header_footer","meta":{"footnotes":""},"class_list":["post-1007","page","type-page","status-publish","hentry"],"_links":{"self":[{"href":"https:\/\/css-drc.com\/fr\/wp-json\/wp\/v2\/pages\/1007","targetHints":{"allow":["GET"]}}],"collection":[{"href":"https:\/\/css-drc.com\/fr\/wp-json\/wp\/v2\/pages"}],"about":[{"href":"https:\/\/css-drc.com\/fr\/wp-json\/wp\/v2\/types\/page"}],"author":[{"embeddable":true,"href":"https:\/\/css-drc.com\/fr\/wp-json\/wp\/v2\/users\/1"}],"replies":[{"embeddable":true,"href":"https:\/\/css-drc.com\/fr\/wp-json\/wp\/v2\/comments?post=1007"}],"version-history":[{"count":1,"href":"https:\/\/css-drc.com\/fr\/wp-json\/wp\/v2\/pages\/1007\/revisions"}],"predecessor-version":[{"id":1008,"href":"https:\/\/css-drc.com\/fr\/wp-json\/wp\/v2\/pages\/1007\/revisions\/1008"}],"wp:attachment":[{"href":"https:\/\/css-drc.com\/fr\/wp-json\/wp\/v2\/media?parent=1007"}],"curies":[{"name":"wp","href":"https:\/\/api.w.org\/{rel}","templated":true}]}}